{"id":20844,"date":"2024-01-17T21:20:09","date_gmt":"2024-01-17T21:20:09","guid":{"rendered":"https:\/\/touringxx.com\/blog-classic\/"},"modified":"2026-01-26T22:31:45","modified_gmt":"2026-01-26T22:31:45","slug":"blog-classic","status":"publish","type":"page","link":"https:\/\/touringxx.com\/es\/blog-classic\/","title":{"rendered":"Blog Classic"},"content":{"rendered":"\t\t<div data-elementor-type=\"wp-page\" data-elementor-id=\"20844\" class=\"elementor elementor-20844 elementor-533\">\n\t\t\t\t\t\t<section class=\"elementor-section elementor-top-section elementor-element elementor-element-5d02c5f elementor-section-boxed elementor-section-height-default elementor-section-height-default\" data-id=\"5d02c5f\" data-element_type=\"section\" data-e-type=\"section\">\n\t\t\t\t\t\t<div class=\"elementor-container elementor-column-gap-default\">\n\t\t\t\t\t<div class=\"elementor-column elementor-col-100 elementor-top-column elementor-element elementor-element-20157d0\" data-id=\"20157d0\" data-element_type=\"column\" data-e-type=\"column\">\n\t\t\t<div class=\"elementor-widget-wrap elementor-element-populated\">\n\t\t\t\t\t\t<div class=\"elementor-element elementor-element-40538fd listing-pagination-border-style-gradient listing-pagination-background-style-solid elementor-widget elementor-widget-neuros_blog_listing\" data-id=\"40538fd\" data-element_type=\"widget\" data-e-type=\"widget\" data-widget_type=\"neuros_blog_listing.default\">\n\t\t\t\t<div class=\"elementor-widget-container\">\n\t\t\t\t\t\n        <div class=\"archive-listing\" data-ajax='{&quot;post_type&quot;:&quot;post&quot;,&quot;posts_per_page&quot;:4,&quot;orderby&quot;:&quot;date&quot;,&quot;order&quot;:&quot;desc&quot;,&quot;paged&quot;:1,&quot;category_name&quot;:&quot;&quot;,&quot;tag&quot;:&quot;&quot;,&quot;post__in&quot;:&quot;&quot;,&quot;ignore_sticky_posts&quot;:false,&quot;link_base&quot;:&quot;https:\\\/\\\/touringxx.com\\\/es\\\/wp-json\\\/wp\\\/v2\\\/pages\\\/20844\\\/&quot;}' data-widget='{&quot;listing_type&quot;:&quot;classic&quot;,&quot;excerpt_length&quot;:218,&quot;show_cat&quot;:&quot;yes&quot;,&quot;show_media&quot;:&quot;yes&quot;,&quot;show_author&quot;:&quot;&quot;,&quot;show_date&quot;:&quot;yes&quot;,&quot;show_title&quot;:&quot;yes&quot;,&quot;show_tags&quot;:&quot;no&quot;,&quot;show_excerpt&quot;:&quot;yes&quot;,&quot;show_read_more&quot;:&quot;&quot;,&quot;read_more_text&quot;:&quot;Leer M\\u00e1s&quot;,&quot;columns_number&quot;:1,&quot;show_pagination&quot;:&quot;yes&quot;,&quot;item_class&quot;:&quot;post standard-blog-item-wrapper&quot;}'>\n            <div class=\"archive-listing-wrapper classic-listing\">\n                \n<div class=\"standard-blog-item-wrapper post post-20822 type-post status-publish format-standard has-post-thumbnail hentry category-sin-categorizar\">\n    <div class=\"blog-item\">\n        <div class=\"post-media-wrapper\"><a href=\"https:\/\/touringxx.com\/es\/como-aprovechar-el-marketing-de-contenidos-para-fortalecer-su-presencia-en-linea\/\"><picture><source media=\"(max-width: 575px)\" sizes=\"(max-width: 575px) 575px\" srcset=\"https:\/\/touringxx.com\/wp-content\/uploads\/2025\/04\/How-to-Leverage-Content-Marketing-575x274.png 575w\"><source media=\"(max-width: 991px)\" sizes=\"(max-width: 991px) 991px\" srcset=\"https:\/\/touringxx.com\/wp-content\/uploads\/2025\/04\/How-to-Leverage-Content-Marketing-991x472.png 991w\"><img decoding=\"async\" alt=\"How-to Leverage-Content-Marketing\" title=\"How-to Leverage-Content-Marketing\" src=\"https:\/\/touringxx.com\/wp-content\/uploads\/2025\/04\/How-to-Leverage-Content-Marketing-1340x638.png\" class=\"attachment-post-thumbnail size-post-thumbnail wp-post-image\" \/><\/picture><\/a><\/div><div class=\"post-meta-header\"><div class=\"post-meta-items-wrapper\"><div class=\"post-meta-items\"><div class=\"post-meta-item post-meta-item-date\"><a href=\"https:\/\/touringxx.com\/es\/2025\/04\/11\/\">abril 11, 2025<\/a><\/div><\/div><\/div><\/div><h3 class=\"post-title\"><a href=\"https:\/\/touringxx.com\/es\/como-aprovechar-el-marketing-de-contenidos-para-fortalecer-su-presencia-en-linea\/\">C\u00f3mo aprovechar el marketing de contenidos para fortalecer su presencia en l\u00ednea<\/a><\/h3><div class=\"post-content\">En la era digital, el contenido es m\u00e1s que palabras en una p\u00e1gina: es una herramienta poderosa para atraer, enganchar y convertir a su audiencia. Ya sea que sea una peque\u00f1a empresa o una marca en crecimiento, el mar<\/div><div class=\"post-labels\"><div class=\"post-categories\"><a class=\"post-category-item\" href=\"https:\/\/touringxx.com\/es\/category\/sin-categorizar\/\">Sin categorizar<\/a><\/div><\/div>    <\/div>\n<\/div>\n<div class=\"standard-blog-item-wrapper post post-20824 type-post status-publish format-standard has-post-thumbnail hentry category-sin-categorizar\">\n    <div class=\"blog-item\">\n        <div class=\"post-media-wrapper\"><a href=\"https:\/\/touringxx.com\/es\/el-papel-del-diseno-ux-ui-en-el-aumento-de-las-conversiones-de-sitios-web\/\"><picture><source media=\"(max-width: 575px)\" sizes=\"(max-width: 575px) 575px\" srcset=\"https:\/\/touringxx.com\/wp-content\/uploads\/2025\/02\/ux-ui-touringxx-3.jpg 575w\"><source media=\"(max-width: 991px)\" sizes=\"(max-width: 991px) 991px\" srcset=\"https:\/\/touringxx.com\/wp-content\/uploads\/2025\/02\/ux-ui-touringxx-3.jpg 991w\"><img decoding=\"async\" alt=\"ux-ui-touringxx\" title=\"ux-ui-touringxx\" src=\"https:\/\/touringxx.com\/wp-content\/uploads\/2025\/02\/ux-ui-touringxx-3.jpg\" class=\"attachment-post-thumbnail size-post-thumbnail wp-post-image\" \/><\/picture><\/a><\/div><div class=\"post-meta-header\"><div class=\"post-meta-items-wrapper\"><div class=\"post-meta-items\"><div class=\"post-meta-item post-meta-item-date\"><a href=\"https:\/\/touringxx.com\/es\/2025\/02\/23\/\">febrero 23, 2025<\/a><\/div><\/div><\/div><\/div><h3 class=\"post-title\"><a href=\"https:\/\/touringxx.com\/es\/el-papel-del-diseno-ux-ui-en-el-aumento-de-las-conversiones-de-sitios-web\/\">El papel del dise\u00f1o UX\/UI en el aumento de las conversiones de sitios web<\/a><\/h3><div class=\"post-content\">En el mundo digital de hoy, tener un sitio web no es suficiente; debe estar dise\u00f1ado pensando en el usuario. El dise\u00f1o de la experiencia de usuario (UX) y de la interfaz de usuario (UI) desempe\u00f1a un papel fundamenta<\/div><div class=\"post-labels\"><div class=\"post-categories\"><a class=\"post-category-item\" href=\"https:\/\/touringxx.com\/es\/category\/sin-categorizar\/\">Sin categorizar<\/a><\/div><\/div>    <\/div>\n<\/div>\n<div class=\"standard-blog-item-wrapper post post-20834 type-post status-publish format-standard has-post-thumbnail hentry category-sin-categorizar\">\n    <div class=\"blog-item\">\n        <div class=\"post-media-wrapper\"><a href=\"https:\/\/touringxx.com\/es\/mejores-practicas-de-comercio-electronico-como-maximizar-las-ventas-y-la-participacion-de-los-clientes\/\"><picture><source media=\"(max-width: 575px)\" sizes=\"(max-width: 575px) 575px\" srcset=\"https:\/\/touringxx.com\/wp-content\/uploads\/2025\/02\/Ecommerce-touringxx-575x274.jpg 575w\"><source media=\"(max-width: 991px)\" sizes=\"(max-width: 991px) 991px\" srcset=\"https:\/\/touringxx.com\/wp-content\/uploads\/2025\/02\/Ecommerce-touringxx-991x472.jpg 991w\"><img decoding=\"async\" alt=\"Ecommerce-touringxx\" title=\"Ecommerce-touringxx\" src=\"https:\/\/touringxx.com\/wp-content\/uploads\/2025\/02\/Ecommerce-touringxx-1340x638.jpg\" class=\"attachment-post-thumbnail size-post-thumbnail wp-post-image\" \/><\/picture><\/a><\/div><div class=\"post-meta-header\"><div class=\"post-meta-items-wrapper\"><div class=\"post-meta-items\"><div class=\"post-meta-item post-meta-item-date\"><a href=\"https:\/\/touringxx.com\/es\/2025\/02\/07\/\">febrero 7, 2025<\/a><\/div><\/div><\/div><\/div><h3 class=\"post-title\"><a href=\"https:\/\/touringxx.com\/es\/mejores-practicas-de-comercio-electronico-como-maximizar-las-ventas-y-la-participacion-de-los-clientes\/\">Mejores pr\u00e1cticas de comercio electr\u00f3nico: c\u00f3mo maximizar las ventas y la participaci\u00f3n de los clientes<\/a><\/h3><div class=\"post-content\">Dirigir un negocio de comercio electr\u00f3nico exitoso requiere m\u00e1s que simplemente listar productos en l\u00ednea. Para maximizar las ventas y mantener a los clientes comprometidos, debe crear una experiencia de compra opti<\/div><div class=\"post-labels\"><div class=\"post-categories\"><a class=\"post-category-item\" href=\"https:\/\/touringxx.com\/es\/category\/sin-categorizar\/\">Sin categorizar<\/a><\/div><\/div>    <\/div>\n<\/div>\n<div class=\"standard-blog-item-wrapper post post-20836 type-post status-publish format-standard has-post-thumbnail hentry category-sin-categorizar\">\n    <div class=\"blog-item\">\n        <div class=\"post-media-wrapper\"><a href=\"https:\/\/touringxx.com\/es\/la-importancia-de-la-velocidad-y-el-rendimiento-del-sitio-web-para-el-exito-del-seo\/\"><picture><source media=\"(max-width: 575px)\" sizes=\"(max-width: 575px) 575px\" srcset=\"https:\/\/touringxx.com\/wp-content\/uploads\/2025\/02\/seo-touringxx-575x274.jpg 575w\"><source media=\"(max-width: 991px)\" sizes=\"(max-width: 991px) 991px\" srcset=\"https:\/\/touringxx.com\/wp-content\/uploads\/2025\/02\/seo-touringxx-991x472.jpg 991w\"><img decoding=\"async\" alt=\"seo-touringxx\" title=\"seo-touringxx\" src=\"https:\/\/touringxx.com\/wp-content\/uploads\/2025\/02\/seo-touringxx-1340x638.jpg\" class=\"attachment-post-thumbnail size-post-thumbnail wp-post-image\" \/><\/picture><\/a><\/div><div class=\"post-meta-header\"><div class=\"post-meta-items-wrapper\"><div class=\"post-meta-items\"><div class=\"post-meta-item post-meta-item-date\"><a href=\"https:\/\/touringxx.com\/es\/2025\/02\/07\/\">febrero 7, 2025<\/a><\/div><\/div><\/div><\/div><h3 class=\"post-title\"><a href=\"https:\/\/touringxx.com\/es\/la-importancia-de-la-velocidad-y-el-rendimiento-del-sitio-web-para-el-exito-del-seo\/\">La importancia de la velocidad y el rendimiento del sitio web para el \u00e9xito del SEO<\/a><\/h3><div class=\"post-content\">En el mundo digital acelerado de hoy, los usuarios esperan que los sitios web se carguen r\u00e1pidamente y funcionen sin problemas. Un sitio lento no solo frustra a los visitantes, sino que tambi\u00e9n afecta negativamente s<\/div><div class=\"post-labels\"><div class=\"post-categories\"><a class=\"post-category-item\" href=\"https:\/\/touringxx.com\/es\/category\/sin-categorizar\/\">Sin categorizar<\/a><\/div><\/div>    <\/div>\n<\/div>            <\/div>\n\n            <div class=\"content-pagination\"><nav class=\"navigation pagination\" role=\"navigation\"><h2 class=\"screen-reader-text\">Pagination<\/h2><div class=\"nav-links\"><span aria-label=\"P\u00e1gina 1\" aria-current=\"page\" class=\"page-numbers current\"><span class=\"button-inner\"><\/span>1<\/span>\n<a aria-label=\"P\u00e1gina 2\" class=\"page-numbers\" href=\"https:\/\/touringxx.com\/es\/wp-json\/wp\/v2\/pages\/20844\/?40538fd-paged=2\"><span class=\"button-inner\"><\/span>2<\/a>\n<a aria-label=\"P\u00e1gina 3\" class=\"page-numbers\" href=\"https:\/\/touringxx.com\/es\/wp-json\/wp\/v2\/pages\/20844\/?40538fd-paged=3\"><span class=\"button-inner\"><\/span>3<\/a>\n<a class=\"next page-numbers\" href=\"https:\/\/touringxx.com\/es\/wp-json\/wp\/v2\/pages\/20844\/?40538fd-paged=2\">Next<span class=\"button-inner\"><\/span><span class=\"icon-button-arrow left\"><\/span><span class=\"icon-button-arrow right\"><\/span><\/a><\/div><\/nav><\/div>        <\/div>\n        \t\t\t\t<\/div>\n\t\t\t\t<\/div>\n\t\t\t\t\t<\/div>\n\t\t<\/div>\n\t\t\t\t\t<\/div>\n\t\t<\/section>\n\t\t\t\t<\/div>\n\t\t","protected":false},"excerpt":{"rendered":"","protected":false},"author":1,"featured_media":0,"parent":0,"menu_order":0,"comment_status":"closed","ping_status":"closed","template":"","meta":{"inline_featured_image":false,"footnotes":""},"class_list":["post-20844","page","type-page","status-publish","hentry"],"yoast_head":"<!-- This site is optimized with the Yoast SEO plugin v27.2 - https:\/\/yoast.com\/product\/yoast-seo-wordpress\/ -->\n<title>Blog Classic - TouringXX Digital Services Studio<\/title>\n<meta name=\"description\" content=\"Mant\u00e9ngase actualizado con el blog de TouringXX, que ofrece informaci\u00f3n digital, consejos de expertos y las \u00faltimas tendencias para ayudarlo a navegar por el cambiante panorama digital.\" \/>\n<meta name=\"robots\" content=\"index, follow, max-snippet:-1, max-image-preview:large, max-video-preview:-1\" \/>\n<link rel=\"canonical\" href=\"https:\/\/touringxx.com\/es\/blog-classic\/\" \/>\n<meta property=\"og:locale\" content=\"es_ES\" \/>\n<meta property=\"og:type\" content=\"article\" \/>\n<meta property=\"og:title\" content=\"Blog Classic - TouringXX Digital Services Studio\" \/>\n<meta property=\"og:description\" content=\"Mant\u00e9ngase actualizado con el blog de TouringXX, que ofrece informaci\u00f3n digital, consejos de expertos y las \u00faltimas tendencias para ayudarlo a navegar por el cambiante panorama digital.\" \/>\n<meta property=\"og:url\" content=\"https:\/\/touringxx.com\/es\/blog-classic\/\" \/>\n<meta property=\"og:site_name\" content=\"TouringXX Digital Services Studio\" \/>\n<meta property=\"article:modified_time\" content=\"2026-01-26T22:31:45+00:00\" \/>\n<meta name=\"twitter:card\" content=\"summary_large_image\" \/>\n<script type=\"application\/ld+json\" class=\"yoast-schema-graph\">{\"@context\":\"https:\/\/schema.org\",\"@graph\":[{\"@type\":\"WebPage\",\"@id\":\"https:\/\/touringxx.com\/es\/blog-classic\/\",\"url\":\"https:\/\/touringxx.com\/es\/blog-classic\/\",\"name\":\"Blog Classic - TouringXX Digital Services Studio\",\"isPartOf\":{\"@id\":\"https:\/\/touringxx.com\/es\/#website\"},\"datePublished\":\"2024-01-17T21:20:09+00:00\",\"dateModified\":\"2026-01-26T22:31:45+00:00\",\"description\":\"Mant\u00e9ngase actualizado con el blog de TouringXX, que ofrece informaci\u00f3n digital, consejos de expertos y las \u00faltimas tendencias para ayudarlo a navegar por el cambiante panorama digital.\",\"breadcrumb\":{\"@id\":\"https:\/\/touringxx.com\/es\/blog-classic\/#breadcrumb\"},\"inLanguage\":\"es\",\"potentialAction\":[{\"@type\":\"ReadAction\",\"target\":[\"https:\/\/touringxx.com\/es\/blog-classic\/\"]}]},{\"@type\":\"BreadcrumbList\",\"@id\":\"https:\/\/touringxx.com\/es\/blog-classic\/#breadcrumb\",\"itemListElement\":[{\"@type\":\"ListItem\",\"position\":1,\"name\":\"Home\",\"item\":\"https:\/\/touringxx.com\/es\/inicio\/\"},{\"@type\":\"ListItem\",\"position\":2,\"name\":\"Blog Classic\"}]},{\"@type\":\"WebSite\",\"@id\":\"https:\/\/touringxx.com\/es\/#website\",\"url\":\"https:\/\/touringxx.com\/es\/\",\"name\":\"Touring XX Digital Services Studio\",\"description\":\"Empowering Your Digital Presence with Seamless Solutions\",\"publisher\":{\"@id\":\"https:\/\/touringxx.com\/es\/#organization\"},\"potentialAction\":[{\"@type\":\"SearchAction\",\"target\":{\"@type\":\"EntryPoint\",\"urlTemplate\":\"https:\/\/touringxx.com\/es\/?s={search_term_string}\"},\"query-input\":{\"@type\":\"PropertyValueSpecification\",\"valueRequired\":true,\"valueName\":\"search_term_string\"}}],\"inLanguage\":\"es\"},{\"@type\":\"Organization\",\"@id\":\"https:\/\/touringxx.com\/es\/#organization\",\"name\":\"Touring XX Digital Services Studio\",\"url\":\"https:\/\/touringxx.com\/es\/\",\"logo\":{\"@type\":\"ImageObject\",\"inLanguage\":\"es\",\"@id\":\"https:\/\/touringxx.com\/es\/#\/schema\/logo\/image\/\",\"url\":\"https:\/\/touringxx.com\/wp-content\/uploads\/2024\/07\/Logo-Touringxx.svg\",\"contentUrl\":\"https:\/\/touringxx.com\/wp-content\/uploads\/2024\/07\/Logo-Touringxx.svg\",\"width\":334,\"height\":335,\"caption\":\"Touring XX Digital Services Studio\"},\"image\":{\"@id\":\"https:\/\/touringxx.com\/es\/#\/schema\/logo\/image\/\"}}]}<\/script>\n<!-- \/ Yoast SEO plugin. -->","yoast_head_json":{"title":"Blog Classic - TouringXX Digital Services Studio","description":"Mant\u00e9ngase actualizado con el blog de TouringXX, que ofrece informaci\u00f3n digital, consejos de expertos y las \u00faltimas tendencias para ayudarlo a navegar por el cambiante panorama digital.","robots":{"index":"index","follow":"follow","max-snippet":"max-snippet:-1","max-image-preview":"max-image-preview:large","max-video-preview":"max-video-preview:-1"},"canonical":"https:\/\/touringxx.com\/es\/blog-classic\/","og_locale":"es_ES","og_type":"article","og_title":"Blog Classic - TouringXX Digital Services Studio","og_description":"Mant\u00e9ngase actualizado con el blog de TouringXX, que ofrece informaci\u00f3n digital, consejos de expertos y las \u00faltimas tendencias para ayudarlo a navegar por el cambiante panorama digital.","og_url":"https:\/\/touringxx.com\/es\/blog-classic\/","og_site_name":"TouringXX Digital Services Studio","article_modified_time":"2026-01-26T22:31:45+00:00","twitter_card":"summary_large_image","schema":{"@context":"https:\/\/schema.org","@graph":[{"@type":"WebPage","@id":"https:\/\/touringxx.com\/es\/blog-classic\/","url":"https:\/\/touringxx.com\/es\/blog-classic\/","name":"Blog Classic - TouringXX Digital Services Studio","isPartOf":{"@id":"https:\/\/touringxx.com\/es\/#website"},"datePublished":"2024-01-17T21:20:09+00:00","dateModified":"2026-01-26T22:31:45+00:00","description":"Mant\u00e9ngase actualizado con el blog de TouringXX, que ofrece informaci\u00f3n digital, consejos de expertos y las \u00faltimas tendencias para ayudarlo a navegar por el cambiante panorama digital.","breadcrumb":{"@id":"https:\/\/touringxx.com\/es\/blog-classic\/#breadcrumb"},"inLanguage":"es","potentialAction":[{"@type":"ReadAction","target":["https:\/\/touringxx.com\/es\/blog-classic\/"]}]},{"@type":"BreadcrumbList","@id":"https:\/\/touringxx.com\/es\/blog-classic\/#breadcrumb","itemListElement":[{"@type":"ListItem","position":1,"name":"Home","item":"https:\/\/touringxx.com\/es\/inicio\/"},{"@type":"ListItem","position":2,"name":"Blog Classic"}]},{"@type":"WebSite","@id":"https:\/\/touringxx.com\/es\/#website","url":"https:\/\/touringxx.com\/es\/","name":"Touring XX Digital Services Studio","description":"Empowering Your Digital Presence with Seamless Solutions","publisher":{"@id":"https:\/\/touringxx.com\/es\/#organization"},"potentialAction":[{"@type":"SearchAction","target":{"@type":"EntryPoint","urlTemplate":"https:\/\/touringxx.com\/es\/?s={search_term_string}"},"query-input":{"@type":"PropertyValueSpecification","valueRequired":true,"valueName":"search_term_string"}}],"inLanguage":"es"},{"@type":"Organization","@id":"https:\/\/touringxx.com\/es\/#organization","name":"Touring XX Digital Services Studio","url":"https:\/\/touringxx.com\/es\/","logo":{"@type":"ImageObject","inLanguage":"es","@id":"https:\/\/touringxx.com\/es\/#\/schema\/logo\/image\/","url":"https:\/\/touringxx.com\/wp-content\/uploads\/2024\/07\/Logo-Touringxx.svg","contentUrl":"https:\/\/touringxx.com\/wp-content\/uploads\/2024\/07\/Logo-Touringxx.svg","width":334,"height":335,"caption":"Touring XX Digital Services Studio"},"image":{"@id":"https:\/\/touringxx.com\/es\/#\/schema\/logo\/image\/"}}]}},"_links":{"self":[{"href":"https:\/\/touringxx.com\/es\/wp-json\/wp\/v2\/pages\/20844","targetHints":{"allow":["GET"]}}],"collection":[{"href":"https:\/\/touringxx.com\/es\/wp-json\/wp\/v2\/pages"}],"about":[{"href":"https:\/\/touringxx.com\/es\/wp-json\/wp\/v2\/types\/page"}],"author":[{"embeddable":true,"href":"https:\/\/touringxx.com\/es\/wp-json\/wp\/v2\/users\/1"}],"replies":[{"embeddable":true,"href":"https:\/\/touringxx.com\/es\/wp-json\/wp\/v2\/comments?post=20844"}],"version-history":[{"count":1,"href":"https:\/\/touringxx.com\/es\/wp-json\/wp\/v2\/pages\/20844\/revisions"}],"predecessor-version":[{"id":20845,"href":"https:\/\/touringxx.com\/es\/wp-json\/wp\/v2\/pages\/20844\/revisions\/20845"}],"wp:attachment":[{"href":"https:\/\/touringxx.com\/es\/wp-json\/wp\/v2\/media?parent=20844"}],"curies":[{"name":"wp","href":"https:\/\/api.w.org\/{rel}","templated":true}]}}